{"id":536,"date":"2012-02-11T13:39:54","date_gmt":"2012-02-11T13:39:54","guid":{"rendered":"http:\/\/www.natur-unterwegs.de\/?page_id=536"},"modified":"2015-05-16T11:30:25","modified_gmt":"2015-05-16T11:30:25","slug":"impressum","status":"publish","type":"page","link":"https:\/\/planungsgruppe-oekologie.de\/?page_id=536","title":{"rendered":"Kontakt und Impressum"},"content":{"rendered":"<p><strong> <img loading=\"lazy\" decoding=\"async\" class=\"alignright wp-image-1096\" src=\"http:\/\/planungsgruppe-oekologie.de\/wp-content\/uploads\/2012\/02\/fernsehen.jpg\" alt=\"fernsehen\" width=\"200\" height=\"200\" srcset=\"https:\/\/planungsgruppe-oekologie.de\/wp-content\/uploads\/2012\/02\/fernsehen.jpg 300w, https:\/\/planungsgruppe-oekologie.de\/wp-content\/uploads\/2012\/02\/fernsehen-150x150.jpg 150w\" sizes=\"(max-width: 200px) 100vw, 200px\" \/>Kontakt und Impressum<\/strong><\/p>\n<p>Planungsgruppe \u00d6kologie<br \/>\nDr. Karl-Robert Wolf<br \/>\nSchachselstra\u00dfe 3<br \/>\n49492 Westerkappeln<br \/>\nTel: 05404\/ 918 640<br \/>\nMail: <a href=\"mailto:planoeko@gmx.de\">planoeko(\u00e4t)gmx.de<\/a><\/p>\n<p>&nbsp;<\/p>\n<p><b>Haftungsausschluss:<\/b><\/p>\n<p><b>Inhalt des Onlineangebotes:<\/b>\u00a0Alle Angebote dieser Webseite sind freibleibend und unverbindlich. Der Autor beh\u00e4lt es sich ausdr\u00fccklich vor, Teile der Seiten oder das gesamte Angebot ohne gesonderte Ank\u00fcndigung zu ver\u00e4ndern, zu erg\u00e4nzen, zu l\u00f6schen oder die Ver\u00f6ffentlichung zeitweise oder endg\u00fcltig einzustellen.<\/p>\n<p><b>Externe Links &amp; Verweise:<\/b>\u00a0Die Planungsgruppe \u00d6kologie ist als Inhaltsanbieter nach \u00a7 6 Abs.1 Mediendienste-Staatsvertrag f\u00fcr die zur Nutzung bereitgestellten &#8222;eigenen Inhalte&#8220; verantwortlich. Von diesen eigenen Inhalten sind Querverweise (&#8222;Links&#8220;) auf andere Webseiten zu unterscheiden, die Inhalte anderer Anbieter (&#8222;fremde Inhalte&#8220;) zur Nutzung bereithalten.<br \/>\nDer Autor hat die Inhalte der verlinkten Webseiten zum Zeitpunkt der Linksetzung daraufhin \u00fcberpr\u00fcft, ob m\u00f6gliche zivilrechtliche oder strafrechtliche Verantwortlichkeit ausgel\u00f6st werden. Allerdings handelt es sich bei diesen Hinweisen um &#8222;lebende&#8220; (dynamische) Verweise, bei denen gr\u00fcnplan keinerlei Einfluss auf die aktuelle und zuk\u00fcnftige Gestaltung, die Inhalte oder die Urheberschaft der verlinkten\/verkn\u00fcpften Seiten hat. F\u00fcr illegale, fehlerhafte oder unvollst\u00e4ndige Inhalte und insbesondere f\u00fcr Sch\u00e4den, die aus der Nutzung oder Nichtnutzung solcherart dargebotener Informationen entstehen, haftet allein der jeweilige Anbieter der Webseite, auf welche verwiesen wurde, nicht derjenige, der \u00fcber Links auf die jeweilige Ver\u00f6ffentlichung lediglich verweist. Diese Feststellung gilt f\u00fcr alle innerhalb des eigenen Internetangebotes gesetzten Links und Verweise.<\/p>\n<p><b>Copyright:<\/b>\u00a0Das Layout diese Internetpr\u00e4sentation inklusive aller verwandten Texte, Bilder und Grafiken ist, soweit keine andersgeltenden Hinweise vorhanden sind, urheberrechtlich gesch\u00fctzt. F\u00fcr etwaige Satzfehler sowie f\u00fcr die Richtigkeit der Eintragungen \u00fcbernimmt die Planungsgruppe \u00d6kologie\u00a0keinerlei Gew\u00e4hr.<\/p>\n<p><b>Datenschutz:<\/b>\u00a0Die Nutzung der im Rahmen des Impressums oder vergleichbarer Angaben ver\u00f6ffentlichten Kontaktdaten wie Postanschriften, Telefon- und Faxnummern sowie Emailadressen durch Dritte zur \u00dcbersendung von nicht ausdr\u00fccklich angeforderten Informationen ist nicht gestattet. Rechtliche Schritte gegen die Versender von so genannten Spam-Mails bei Verst\u00f6\u00dfen gegen dieses Verbot sind ausdr\u00fccklich vorbehalten.<\/p>\n<p>&nbsp;<\/p>\n<p>&nbsp;<\/p>\n","protected":false},"excerpt":{"rendered":"<p>Kontakt und Impressum Planungsgruppe \u00d6kologie Dr. Karl-Robert Wolf Schachselstra\u00dfe 3 49492 Westerkappeln Tel: 05404\/ 918 640 Mail: planoeko(\u00e4t)gmx.de &nbsp; Haftungsausschluss: Inhalt des Onlineangebotes:\u00a0Alle Angebote dieser Webseite sind freibleibend und unverbindlich. Der Autor beh\u00e4lt es sich ausdr\u00fccklich vor, Teile der Seiten &hellip; <a href=\"https:\/\/planungsgruppe-oekologie.de\/?page_id=536\">Weiterlesen <span class=\"meta-nav\">&rarr;<\/span><\/a><\/p>\n","protected":false},"author":1,"featured_media":0,"parent":0,"menu_order":0,"comment_status":"closed","ping_status":"closed","template":"showcase.php","meta":{"footnotes":""},"_links":{"self":[{"href":"https:\/\/planungsgruppe-oekologie.de\/index.php?rest_route=\/wp\/v2\/pages\/536"}],"collection":[{"href":"https:\/\/planungsgruppe-oekologie.de\/index.php?rest_route=\/wp\/v2\/pages"}],"about":[{"href":"https:\/\/planungsgruppe-oekologie.de\/index.php?rest_route=\/wp\/v2\/types\/page"}],"author":[{"embeddable":true,"href":"https:\/\/planungsgruppe-oekologie.de\/index.php?rest_route=\/wp\/v2\/users\/1"}],"replies":[{"embeddable":true,"href":"https:\/\/planungsgruppe-oekologie.de\/index.php?rest_route=%2Fwp%2Fv2%2Fcomments&post=536"}],"version-history":[{"count":7,"href":"https:\/\/planungsgruppe-oekologie.de\/index.php?rest_route=\/wp\/v2\/pages\/536\/revisions"}],"predecessor-version":[{"id":1130,"href":"https:\/\/planungsgruppe-oekologie.de\/index.php?rest_route=\/wp\/v2\/pages\/536\/revisions\/1130"}],"wp:attachment":[{"href":"https:\/\/planungsgruppe-oekologie.de\/index.php?rest_route=%2Fwp%2Fv2%2Fmedia&parent=536"}],"curies":[{"name":"wp","href":"https:\/\/api.w.org\/{rel}","templated":true}]}}