{"id":1138,"date":"2015-05-16T12:36:25","date_gmt":"2015-05-16T12:36:25","guid":{"rendered":"http:\/\/planungsgruppe-oekologie.de\/?page_id=1138"},"modified":"2015-05-16T18:24:27","modified_gmt":"2015-05-16T18:24:27","slug":"leistungen","status":"publish","type":"page","link":"https:\/\/planungsgruppe-oekologie.de\/?page_id=1138","title":{"rendered":"Unser Anspruch an unsere Arbeit"},"content":{"rendered":"<p><b><\/b><strong><em>Zuverl\u00e4ssigkeit<\/em><\/strong> &lt; \u00a0Unsere Auftr\u00e4ge f\u00fchren wir verantwortungsbewusst und fristgerecht aus. Hierbei halten wir die jeweiligen Vorgaben,\u00a0g\u00e4ngige Normen und den Stand von Wissenschaft und Technik ein.<\/p>\n<p><em><strong>Flexibilit\u00e4t<\/strong> &lt; \u00a0<\/em>Wir reagieren spontan auf die jeweiligen Erfordernisse. Besonders durch unseren amphibien\u00f6kologischen Schwerpunkt sind wir es gewohnt kurzfristig umzudisponieren, um aussagekr\u00e4ftige Ergebnisse zu erhalten. Denn die Aktivit\u00e4ten dieser wechselwarmen Tiere sind sehr von der jeweiligen Wetterlage abh\u00e4ngig.<\/p>\n<p><em><strong>Kommunikation auf Augenh\u00f6he<\/strong> &lt; \u00a0<\/em>Wir respektieren unseren jeweiligen Gespr\u00e4chspartner und sind in der Lage uns in seine Position zu versetzen. Dies bringen wir auch durch eine ad\u00e4quate, verst\u00e4ndliche Wortwahl zum Ausdruck. Wir bevorzugen es, Sachverhalte anschaulich zu vermitteln.\u00a0Arbeitsergebnisse werden transparent und nachvollziehbar dargestellt, so dass sie als Grundlage f\u00fcr planerische und politische Entscheidungen f\u00fcr das\u00a0Fachpublikum, Vertreter aus der Politik sowie interessierte Laien nachvollziehbar werden.<\/p>\n<p><em><strong>Koordinierung<\/strong> \u00a0&lt; \u00a0<\/em>Wir setzen auf eine gut strukturierte Organisation.<\/p>\n<p><em><strong>Regionalit\u00e4t<\/strong> \u00a0&lt; \u00a0<\/em>Wir arbeiten seit \u00fcber 20 Jahren \u00fcberwiegend in der Region, so dass uns die landschafts\u00f6kologischen Gegebenheiten,\u00a0die r\u00e4umlichen Bez\u00fcge sowie zust\u00e4ndige Stellen vertraut sind.<\/p>\n<p><em><strong>Ausstattung<\/strong> &lt; \u00a0<\/em>Wir verf\u00fcgen \u00fcber eine breite Palette an Ger\u00e4ten und EDV, um die vielf\u00e4ltigen Aufgaben optimal erledigen zu k\u00f6nnen. Entsprechend der jeweiligen Aufgabenstellung beziehen wir Fachingenieure und Spezialisten ein.<\/p>\n<p>&nbsp;<\/p>\n","protected":false},"excerpt":{"rendered":"<p>Zuverl\u00e4ssigkeit &lt; \u00a0Unsere Auftr\u00e4ge f\u00fchren wir verantwortungsbewusst und fristgerecht aus. Hierbei halten wir die jeweiligen Vorgaben,\u00a0g\u00e4ngige Normen und den Stand von Wissenschaft und Technik ein. Flexibilit\u00e4t &lt; \u00a0Wir reagieren spontan auf die jeweiligen Erfordernisse. Besonders durch unseren amphibien\u00f6kologischen Schwerpunkt sind &hellip; <a href=\"https:\/\/planungsgruppe-oekologie.de\/?page_id=1138\">Weiterlesen <span class=\"meta-nav\">&rarr;<\/span><\/a><\/p>\n","protected":false},"author":1,"featured_media":0,"parent":0,"menu_order":0,"comment_status":"closed","ping_status":"closed","template":"showcase.php","meta":{"footnotes":""},"_links":{"self":[{"href":"https:\/\/planungsgruppe-oekologie.de\/index.php?rest_route=\/wp\/v2\/pages\/1138"}],"collection":[{"href":"https:\/\/planungsgruppe-oekologie.de\/index.php?rest_route=\/wp\/v2\/pages"}],"about":[{"href":"https:\/\/planungsgruppe-oekologie.de\/index.php?rest_route=\/wp\/v2\/types\/page"}],"author":[{"embeddable":true,"href":"https:\/\/planungsgruppe-oekologie.de\/index.php?rest_route=\/wp\/v2\/users\/1"}],"replies":[{"embeddable":true,"href":"https:\/\/planungsgruppe-oekologie.de\/index.php?rest_route=%2Fwp%2Fv2%2Fcomments&post=1138"}],"version-history":[{"count":9,"href":"https:\/\/planungsgruppe-oekologie.de\/index.php?rest_route=\/wp\/v2\/pages\/1138\/revisions"}],"predecessor-version":[{"id":1159,"href":"https:\/\/planungsgruppe-oekologie.de\/index.php?rest_route=\/wp\/v2\/pages\/1138\/revisions\/1159"}],"wp:attachment":[{"href":"https:\/\/planungsgruppe-oekologie.de\/index.php?rest_route=%2Fwp%2Fv2%2Fmedia&parent=1138"}],"curies":[{"name":"wp","href":"https:\/\/api.w.org\/{rel}","templated":true}]}}